{"id":891,"date":"2026-04-02T08:12:53","date_gmt":"2026-04-02T11:12:53","guid":{"rendered":"https:\/\/ekosaat.com.tr\/?page_id=891"},"modified":"2026-04-02T08:53:03","modified_gmt":"2026-04-02T11:53:03","slug":"ekosaat-modelleri","status":"publish","type":"page","link":"https:\/\/ekosaat.com.tr\/?page_id=891","title":{"rendered":"EKOSAAT MODELLER\u0130"},"content":{"rendered":"\n<div class=\"wp-block-group alignfull has-global-padding is-layout-constrained wp-block-group-is-layout-constrained\" style=\"margin-top:0;margin-bottom:0;padding-top:var(--wp--preset--spacing--50);padding-bottom:var(--wp--preset--spacing--50)\">\n<div class=\"wp-block-columns alignwide is-layout-flex wp-container-core-columns-is-layout-47c06fe3 wp-block-columns-is-layout-flex\">\n<div class=\"wp-block-column is-layout-flow wp-block-column-is-layout-flow\" style=\"flex-basis:56%\">\n<figure class=\"wp-block-image size-full\"><a href=\"https:\/\/ekosaat.com.tr\/wp-content\/uploads\/2026\/04\/Mazlum_AKAY_40x40_Saat_004sol-scaled.png\"><img loading=\"lazy\" decoding=\"async\" width=\"2154\" height=\"2560\" src=\"https:\/\/ekosaat.com.tr\/wp-content\/uploads\/2026\/04\/Mazlum_AKAY_40x40_Saat_004sol-scaled.png\" alt=\"\" class=\"wp-image-893\" style=\"aspect-ratio:1;object-fit:cover\" srcset=\"https:\/\/ekosaat.com.tr\/wp-content\/uploads\/2026\/04\/Mazlum_AKAY_40x40_Saat_004sol-scaled.png 2154w, https:\/\/ekosaat.com.tr\/wp-content\/uploads\/2026\/04\/Mazlum_AKAY_40x40_Saat_004sol-252x300.png 252w, https:\/\/ekosaat.com.tr\/wp-content\/uploads\/2026\/04\/Mazlum_AKAY_40x40_Saat_004sol-862x1024.png 862w, https:\/\/ekosaat.com.tr\/wp-content\/uploads\/2026\/04\/Mazlum_AKAY_40x40_Saat_004sol-768x913.png 768w, https:\/\/ekosaat.com.tr\/wp-content\/uploads\/2026\/04\/Mazlum_AKAY_40x40_Saat_004sol-1293x1536.png 1293w, https:\/\/ekosaat.com.tr\/wp-content\/uploads\/2026\/04\/Mazlum_AKAY_40x40_Saat_004sol-1724x2048.png 1724w\" sizes=\"auto, (max-width: 2154px) 100vw, 2154px\" \/><\/a><\/figure>\n<\/div>\n\n\n\n<div class=\"wp-block-column is-vertically-aligned-center is-layout-flow wp-container-core-column-is-layout-119bc444 wp-block-column-is-layout-flow\">\n<h2 class=\"wp-block-heading\">ekosaate<br>\u0130stedi\u011finiz 4 veya 5 \u00fclke saatini sizin i\u00e7in d\u00fczenler logonuzu yerle\u015ftirebiliriz.<\/h2>\n\n\n\n<p>Hediye etti\u011finiz ki\u015fi veya kurum di\u011fer saatleri indirip ekosaati kullanacakt\u0131r.<\/p>\n\n\n\n<p>&#8220;saat,saat&#8217;i g\u00f6sterir,ekosaat ise saatleri g\u00f6sterir.<br><\/p>\n<\/div>\n<\/div>\n<\/div>\n\n\n\n<div class=\"wp-block-group alignfull has-global-padding is-layout-constrained wp-block-group-is-layout-constrained\" style=\"margin-top:0;margin-bottom:0;padding-top:var(--wp--preset--spacing--50);padding-bottom:var(--wp--preset--spacing--50)\">\n<figure class=\"wp-block-image size-full\"><a href=\"https:\/\/ekosaat.com.tr\/wp-content\/uploads\/2026\/04\/face.png\"><img loading=\"lazy\" decoding=\"async\" width=\"497\" height=\"591\" src=\"https:\/\/ekosaat.com.tr\/wp-content\/uploads\/2026\/04\/face.png\" alt=\"\" class=\"wp-image-894\" srcset=\"https:\/\/ekosaat.com.tr\/wp-content\/uploads\/2026\/04\/face.png 497w, https:\/\/ekosaat.com.tr\/wp-content\/uploads\/2026\/04\/face-252x300.png 252w\" sizes=\"auto, (max-width: 497px) 100vw, 497px\" \/><\/a><\/figure>\n<\/div>\n\n\n\n<div class=\"wp-block-group alignfull has-global-padding is-layout-constrained wp-block-group-is-layout-constrained\" style=\"margin-top:0;margin-bottom:0;padding-top:var(--wp--preset--spacing--50);padding-bottom:var(--wp--preset--spacing--50)\">\n<div class=\"wp-block-group alignwide is-layout-grid wp-container-core-group-is-layout-75815986 wp-block-group-is-layout-grid\">\n<figure class=\"wp-block-image size-full\"><img loading=\"lazy\" decoding=\"async\" width=\"497\" height=\"591\" src=\"https:\/\/ekosaat.com.tr\/wp-content\/uploads\/2026\/04\/face3.png\" alt=\"\" class=\"wp-image-897\" style=\"aspect-ratio:1;object-fit:cover\" srcset=\"https:\/\/ekosaat.com.tr\/wp-content\/uploads\/2026\/04\/face3.png 497w, https:\/\/ekosaat.com.tr\/wp-content\/uploads\/2026\/04\/face3-252x300.png 252w\" sizes=\"auto, (max-width: 497px) 100vw, 497px\" \/><\/figure>\n\n\n\n<figure class=\"wp-block-image size-full\"><img loading=\"lazy\" decoding=\"async\" width=\"2157\" height=\"2560\" src=\"https:\/\/ekosaat.com.tr\/wp-content\/uploads\/2026\/04\/Mazlum_AKAY_40x40_Saat_003agl-Kopya-scaled.png\" alt=\"\" class=\"wp-image-898\" style=\"aspect-ratio:1;object-fit:cover\" srcset=\"https:\/\/ekosaat.com.tr\/wp-content\/uploads\/2026\/04\/Mazlum_AKAY_40x40_Saat_003agl-Kopya-scaled.png 2157w, https:\/\/ekosaat.com.tr\/wp-content\/uploads\/2026\/04\/Mazlum_AKAY_40x40_Saat_003agl-Kopya-253x300.png 253w, https:\/\/ekosaat.com.tr\/wp-content\/uploads\/2026\/04\/Mazlum_AKAY_40x40_Saat_003agl-Kopya-863x1024.png 863w, https:\/\/ekosaat.com.tr\/wp-content\/uploads\/2026\/04\/Mazlum_AKAY_40x40_Saat_003agl-Kopya-768x912.png 768w, https:\/\/ekosaat.com.tr\/wp-content\/uploads\/2026\/04\/Mazlum_AKAY_40x40_Saat_003agl-Kopya-1294x1536.png 1294w, https:\/\/ekosaat.com.tr\/wp-content\/uploads\/2026\/04\/Mazlum_AKAY_40x40_Saat_003agl-Kopya-1726x2048.png 1726w\" sizes=\"auto, (max-width: 2157px) 100vw, 2157px\" \/><\/figure>\n\n\n\n<figure class=\"wp-block-image size-full\"><img loading=\"lazy\" decoding=\"async\" width=\"946\" height=\"1138\" src=\"https:\/\/ekosaat.com.tr\/wp-content\/uploads\/2026\/04\/Mazlum_AKAY_40x40_Saat_004sagk.png\" alt=\"\" class=\"wp-image-899\" style=\"aspect-ratio:1;object-fit:cover\" srcset=\"https:\/\/ekosaat.com.tr\/wp-content\/uploads\/2026\/04\/Mazlum_AKAY_40x40_Saat_004sagk.png 946w, https:\/\/ekosaat.com.tr\/wp-content\/uploads\/2026\/04\/Mazlum_AKAY_40x40_Saat_004sagk-249x300.png 249w, https:\/\/ekosaat.com.tr\/wp-content\/uploads\/2026\/04\/Mazlum_AKAY_40x40_Saat_004sagk-851x1024.png 851w, https:\/\/ekosaat.com.tr\/wp-content\/uploads\/2026\/04\/Mazlum_AKAY_40x40_Saat_004sagk-768x924.png 768w\" sizes=\"auto, (max-width: 946px) 100vw, 946px\" \/><\/figure>\n\n\n\n<figure class=\"wp-block-image size-full\"><img loading=\"lazy\" decoding=\"async\" width=\"353\" height=\"353\" src=\"https:\/\/ekosaat.com.tr\/wp-content\/uploads\/2026\/04\/metalikakaylar.png\" alt=\"\" class=\"wp-image-900\" style=\"aspect-ratio:1;object-fit:cover\" srcset=\"https:\/\/ekosaat.com.tr\/wp-content\/uploads\/2026\/04\/metalikakaylar.png 353w, https:\/\/ekosaat.com.tr\/wp-content\/uploads\/2026\/04\/metalikakaylar-300x300.png 300w, https:\/\/ekosaat.com.tr\/wp-content\/uploads\/2026\/04\/metalikakaylar-150x150.png 150w\" sizes=\"auto, (max-width: 353px) 100vw, 353px\" \/><\/figure>\n\n\n\n<figure class=\"wp-block-image size-full wp-container-content-574e1f9d\"><img loading=\"lazy\" decoding=\"async\" width=\"497\" height=\"591\" src=\"https:\/\/ekosaat.com.tr\/wp-content\/uploads\/2026\/04\/face1.png\" alt=\"\" class=\"wp-image-895\" style=\"aspect-ratio:1;object-fit:cover\" srcset=\"https:\/\/ekosaat.com.tr\/wp-content\/uploads\/2026\/04\/face1.png 497w, https:\/\/ekosaat.com.tr\/wp-content\/uploads\/2026\/04\/face1-252x300.png 252w\" sizes=\"auto, (max-width: 497px) 100vw, 497px\" \/><\/figure>\n\n\n\n<figure class=\"wp-block-image size-full\"><img loading=\"lazy\" decoding=\"async\" width=\"400\" height=\"400\" src=\"https:\/\/ekosaat.com.tr\/wp-content\/uploads\/2026\/04\/selgebeach004.jpg\" alt=\"\" class=\"wp-image-902\" style=\"aspect-ratio:1;object-fit:cover\" srcset=\"https:\/\/ekosaat.com.tr\/wp-content\/uploads\/2026\/04\/selgebeach004.jpg 400w, https:\/\/ekosaat.com.tr\/wp-content\/uploads\/2026\/04\/selgebeach004-300x300.jpg 300w, https:\/\/ekosaat.com.tr\/wp-content\/uploads\/2026\/04\/selgebeach004-150x150.jpg 150w\" sizes=\"auto, (max-width: 400px) 100vw, 400px\" \/><\/figure>\n\n\n\n<figure class=\"wp-block-image size-full\"><img loading=\"lazy\" decoding=\"async\" width=\"353\" height=\"353\" src=\"https:\/\/ekosaat.com.tr\/wp-content\/uploads\/2026\/04\/ulker.jpg\" alt=\"\" class=\"wp-image-903\" style=\"aspect-ratio:1;object-fit:cover\" srcset=\"https:\/\/ekosaat.com.tr\/wp-content\/uploads\/2026\/04\/ulker.jpg 353w, https:\/\/ekosaat.com.tr\/wp-content\/uploads\/2026\/04\/ulker-300x300.jpg 300w, https:\/\/ekosaat.com.tr\/wp-content\/uploads\/2026\/04\/ulker-150x150.jpg 150w\" sizes=\"auto, (max-width: 353px) 100vw, 353px\" \/><\/figure>\n<\/div>\n\n\n\n<p><\/p>\n<\/div>\n","protected":false},"excerpt":{"rendered":"<p>ekosaate\u0130stedi\u011finiz 4 veya 5 \u00fclke saatini sizin i\u00e7in d\u00fczenler logonuzu yerle\u015ftirebiliriz. Hediye etti\u011finiz ki\u015fi veya kurum di\u011fer saatleri indirip ekosaati kullanacakt\u0131r. &#8220;saat,saat&#8217;i g\u00f6sterir,ekosaat ise saatleri g\u00f6sterir.<\/p>\n","protected":false},"author":20,"featured_media":0,"parent":0,"menu_order":0,"comment_status":"closed","ping_status":"closed","template":"","meta":{"footnotes":""},"class_list":["post-891","page","type-page","status-publish","hentry"],"_links":{"self":[{"href":"https:\/\/ekosaat.com.tr\/index.php?rest_route=\/wp\/v2\/pages\/891","targetHints":{"allow":["GET"]}}],"collection":[{"href":"https:\/\/ekosaat.com.tr\/index.php?rest_route=\/wp\/v2\/pages"}],"about":[{"href":"https:\/\/ekosaat.com.tr\/index.php?rest_route=\/wp\/v2\/types\/page"}],"author":[{"embeddable":true,"href":"https:\/\/ekosaat.com.tr\/index.php?rest_route=\/wp\/v2\/users\/20"}],"replies":[{"embeddable":true,"href":"https:\/\/ekosaat.com.tr\/index.php?rest_route=%2Fwp%2Fv2%2Fcomments&post=891"}],"version-history":[{"count":4,"href":"https:\/\/ekosaat.com.tr\/index.php?rest_route=\/wp\/v2\/pages\/891\/revisions"}],"predecessor-version":[{"id":914,"href":"https:\/\/ekosaat.com.tr\/index.php?rest_route=\/wp\/v2\/pages\/891\/revisions\/914"}],"wp:attachment":[{"href":"https:\/\/ekosaat.com.tr\/index.php?rest_route=%2Fwp%2Fv2%2Fmedia&parent=891"}],"curies":[{"name":"wp","href":"https:\/\/api.w.org\/{rel}","templated":true}]}}