{"id":4,"date":"2015-04-24T13:02:07","date_gmt":"2015-04-24T13:02:07","guid":{"rendered":"http:\/\/ekosaat.com.tr\/?page_id=4"},"modified":"2026-02-28T09:03:53","modified_gmt":"2026-02-28T12:03:53","slug":"shop","status":"publish","type":"page","link":"https:\/\/ekosaat.com.tr\/?page_id=4","title":{"rendered":"Sat\u0131n Al"},"content":{"rendered":"<h2><strong>SATIN ALMA \u0130\u00c7\u0130N L\u00dcTFEN !&#8230;<\/strong><\/h2>\n<h2>https:\/\/www.n11.com\/magaza\/akaylar VEYA <strong><a href=\"https:\/\/www.n11.com\/magaza\/akaylar\" target=\"_blank\" rel=\"noopener noreferrer\">\u00a0t\u0131klay\u0131n\u0131z.<\/a><\/strong><\/h2>\n","protected":false},"excerpt":{"rendered":"<p>SATIN ALMA \u0130\u00c7\u0130N L\u00dcTFEN !&#8230; https:\/\/www.n11.com\/magaza\/akaylar VEYA \u00a0t\u0131klay\u0131n\u0131z.<\/p>\n","protected":false},"author":1,"featured_media":0,"parent":0,"menu_order":0,"comment_status":"closed","ping_status":"open","template":"","meta":{"footnotes":""},"class_list":["post-4","page","type-page","status-publish","hentry"],"_links":{"self":[{"href":"https:\/\/ekosaat.com.tr\/index.php?rest_route=\/wp\/v2\/pages\/4","targetHints":{"allow":["GET"]}}],"collection":[{"href":"https:\/\/ekosaat.com.tr\/index.php?rest_route=\/wp\/v2\/pages"}],"about":[{"href":"https:\/\/ekosaat.com.tr\/index.php?rest_route=\/wp\/v2\/types\/page"}],"author":[{"embeddable":true,"href":"https:\/\/ekosaat.com.tr\/index.php?rest_route=\/wp\/v2\/users\/1"}],"replies":[{"embeddable":true,"href":"https:\/\/ekosaat.com.tr\/index.php?rest_route=%2Fwp%2Fv2%2Fcomments&post=4"}],"version-history":[{"count":11,"href":"https:\/\/ekosaat.com.tr\/index.php?rest_route=\/wp\/v2\/pages\/4\/revisions"}],"predecessor-version":[{"id":300,"href":"https:\/\/ekosaat.com.tr\/index.php?rest_route=\/wp\/v2\/pages\/4\/revisions\/300"}],"wp:attachment":[{"href":"https:\/\/ekosaat.com.tr\/index.php?rest_route=%2Fwp%2Fv2%2Fmedia&parent=4"}],"curies":[{"name":"wp","href":"https:\/\/api.w.org\/{rel}","templated":true}]}}