{"id":20,"date":"2015-04-24T13:55:09","date_gmt":"2015-04-24T13:55:09","guid":{"rendered":"http:\/\/ekosaat.com.tr\/?page_id=20"},"modified":"2015-04-24T13:55:09","modified_gmt":"2015-04-24T13:55:09","slug":"her-hakki-saklidir","status":"publish","type":"page","link":"https:\/\/ekosaat.com.tr\/?page_id=20","title":{"rendered":"Her Hakk\u0131 Sakl\u0131d\u0131r"},"content":{"rendered":"<p class=\"p1\">5846 Say\u0131l\u0131 Fikir ve Sanat Eserlerini Koruma Kanunu Gere\u011fi Site Telif ve i\u00e7erikteki \u00dcr\u00fcnlerin Patent Haklar\u0131 Konusunda Yasal Uyar\u0131;<\/p>\n<p class=\"p1\">Akaylar Giyim San.ve Yap\u0131 Tasar\u0131mlar\u0131 A.\u015e firmas\u0131n\u0131n www.ekosaat.com.tr<span class=\"Apple-converted-space\">\u00a0 <\/span>Web sitesinin isim haklar\u0131, i\u00e7eri\u011fi, \u015fablonu, tasar\u0131m\u0131 ve site i\u00e7indeki t\u00fcm dok\u00fcmanlara ait haklar\u0131 sakl\u0131d\u0131r. Site i\u00e7erisinde yer alan sayfalarda aksi belirtilmedi\u011fi s\u00fcrece, site i\u00e7indeki hi\u00e7bir dok\u00fcman, sayfa, grafik, tasar\u0131m unsuru ve di\u011fer unsurlar izin al\u0131nmaks\u0131z\u0131n kopyalanamaz, ba\u015fka yere ta\u015f\u0131namaz, al\u0131nt\u0131 yap\u0131lamaz, internet \u00fczerinde veya her ne \u015fekilde olursa olsun yay\u0131nlanamaz ve kullan\u0131lamaz (arama motorlar\u0131n\u0131n dizinleri i\u00e7in kulland\u0131klar\u0131 ge\u00e7ici bellek kay\u0131tlar\u0131ndan al\u0131nm\u0131\u015f olsalar dahi). Sitemizi ziyaret eden misafirlerimiz, sitenin ve i\u00e7erdi\u011fi \u00fcr\u00fcnlerin telif ve patent hakk\u0131 konusunda firmam\u0131z\u0131n t\u00fcm talep ve a\u00e7\u0131klamalar\u0131n\u0131 kabul ettiklerini beyan ve taahh\u00fct ederler. Haklar\u0131 sakl\u0131 tutulmu\u015f eserler ve patentli \u00fcr\u00fcnler, sahiplerinin muvafakati olmadan hi\u00e7 bir suretle \u00e7o\u011falt\u0131lamaz, al\u0131nt\u0131 yap\u0131lamaz, yay\u0131nlanamaz,Ticari ama\u00e7la olmasa dahi ba\u015fka bir yerde ve \u015fekilde kullan\u0131lamaz. Site i\u00e7inde yer alan \u00fcr\u00fcnler, dok\u00fcmanlar, yaz\u0131l\u0131m ve markalar i\u00e7in \u00fcretici firmalar\u0131n, yaz\u0131l\u0131mc\u0131 ve \u00fcreticinin belirtilmedi\u011fi durumlarda,www.ekosaat.com.tr<span class=\"Apple-converted-space\">\u00a0 <\/span>Site Y\u00f6neticisinin \u00f6nceden verilmi\u015f a\u00e7\u0131k ve yaz\u0131l\u0131 muvafakati olmaks\u0131z\u0131n ba\u015fka siteler yada medyalara kopyalanamaz.<\/p>\n","protected":false},"excerpt":{"rendered":"<p>5846 Say\u0131l\u0131 Fikir ve Sanat Eserlerini Koruma Kanunu Gere\u011fi Site Telif ve i\u00e7erikteki \u00dcr\u00fcnlerin Patent Haklar\u0131 Konusunda Yasal Uyar\u0131; Akaylar Giyim San.ve Yap\u0131 Tasar\u0131mlar\u0131 A.\u015e firmas\u0131n\u0131n www.ekosaat.com.tr\u00a0 Web sitesinin isim haklar\u0131, i\u00e7eri\u011fi, \u015fablonu, tasar\u0131m\u0131 ve site i\u00e7indeki t\u00fcm dok\u00fcmanlara ait haklar\u0131 sakl\u0131d\u0131r. Site i\u00e7erisinde yer alan sayfalarda aksi belirtilmedi\u011fi s\u00fcrece, site i\u00e7indeki hi\u00e7bir dok\u00fcman, sayfa, [&hellip;]<\/p>\n","protected":false},"author":1,"featured_media":0,"parent":0,"menu_order":0,"comment_status":"open","ping_status":"open","template":"","meta":{"footnotes":""},"class_list":["post-20","page","type-page","status-publish","hentry"],"_links":{"self":[{"href":"https:\/\/ekosaat.com.tr\/index.php?rest_route=\/wp\/v2\/pages\/20","targetHints":{"allow":["GET"]}}],"collection":[{"href":"https:\/\/ekosaat.com.tr\/index.php?rest_route=\/wp\/v2\/pages"}],"about":[{"href":"https:\/\/ekosaat.com.tr\/index.php?rest_route=\/wp\/v2\/types\/page"}],"author":[{"embeddable":true,"href":"https:\/\/ekosaat.com.tr\/index.php?rest_route=\/wp\/v2\/users\/1"}],"replies":[{"embeddable":true,"href":"https:\/\/ekosaat.com.tr\/index.php?rest_route=%2Fwp%2Fv2%2Fcomments&post=20"}],"version-history":[{"count":1,"href":"https:\/\/ekosaat.com.tr\/index.php?rest_route=\/wp\/v2\/pages\/20\/revisions"}],"predecessor-version":[{"id":21,"href":"https:\/\/ekosaat.com.tr\/index.php?rest_route=\/wp\/v2\/pages\/20\/revisions\/21"}],"wp:attachment":[{"href":"https:\/\/ekosaat.com.tr\/index.php?rest_route=%2Fwp%2Fv2%2Fmedia&parent=20"}],"curies":[{"name":"wp","href":"https:\/\/api.w.org\/{rel}","templated":true}]}}