{"id":156,"date":"2015-05-12T10:19:33","date_gmt":"2015-05-12T13:19:33","guid":{"rendered":"http:\/\/ekosaat.com.tr\/?page_id=156"},"modified":"2026-02-28T12:29:11","modified_gmt":"2026-02-28T15:29:11","slug":"iletisim","status":"publish","type":"page","link":"https:\/\/ekosaat.com.tr\/?page_id=156","title":{"rendered":"\u0130leti\u015fim"},"content":{"rendered":"<p><iframe loading=\"lazy\" src=\"https:\/\/www.google.com\/maps\/embed?pb=!1m14!1m8!1m3!1d19061.66726186596!2d32.430433356191855!3d37.85884101267427!3m2!1i1024!2i768!4f13.1!3m3!1m2!1s0x0%3A0xed2ae4fb08d5418e!2sAkaylar%20Okul%20K%C4%B1yafetleri!5e0!3m2!1str!2str!4v1673516922350!5m2!1str!2str\" width=\"600\" height=\"450\" allowfullscreen=\"allowfullscreen\"><\/iframe><\/p>\n<h2>Bizimle \u0130leti\u015fime Ge\u00e7mek \u0130\u00e7in: bilgi@akaylar.com.tr<\/h2>\n<p><strong>Adres: YEN\u0130 MERAM CAD.135\/A MERAM-KONYA -T\u00dcRK\u0130YE<\/strong><\/p>\n<p><strong>\u00a0 \u00a0 \u00a0 \u00a0 \u00a0 \u00a0TEL.03323252500<\/strong><\/p>\n<div id=\"signart-chrome-extension-is-installed\"><\/div>\n<div id=\"signart-chrome-extension-is-installed\"><\/div>\n<div id=\"signart-chrome-extension-is-installed\"><\/div>\n<div id=\"signart-chrome-extension-is-installed\"><\/div>\n<div id=\"signart-chrome-extension-is-installed\"><\/div>\n<div id=\"signart-chrome-extension-is-installed\"><\/div>\n","protected":false},"excerpt":{"rendered":"<p>Bizimle \u0130leti\u015fime Ge\u00e7mek \u0130\u00e7in: bilgi@akaylar.com.tr Adres: YEN\u0130 MERAM CAD.135\/A MERAM-KONYA -T\u00dcRK\u0130YE \u00a0 \u00a0 \u00a0 \u00a0 \u00a0 \u00a0TEL.03323252500<\/p>\n","protected":false},"author":1,"featured_media":0,"parent":0,"menu_order":0,"comment_status":"open","ping_status":"open","template":"contact.php","meta":{"footnotes":""},"class_list":["post-156","page","type-page","status-publish","hentry"],"_links":{"self":[{"href":"https:\/\/ekosaat.com.tr\/index.php?rest_route=\/wp\/v2\/pages\/156","targetHints":{"allow":["GET"]}}],"collection":[{"href":"https:\/\/ekosaat.com.tr\/index.php?rest_route=\/wp\/v2\/pages"}],"about":[{"href":"https:\/\/ekosaat.com.tr\/index.php?rest_route=\/wp\/v2\/types\/page"}],"author":[{"embeddable":true,"href":"https:\/\/ekosaat.com.tr\/index.php?rest_route=\/wp\/v2\/users\/1"}],"replies":[{"embeddable":true,"href":"https:\/\/ekosaat.com.tr\/index.php?rest_route=%2Fwp%2Fv2%2Fcomments&post=156"}],"version-history":[{"count":12,"href":"https:\/\/ekosaat.com.tr\/index.php?rest_route=\/wp\/v2\/pages\/156\/revisions"}],"predecessor-version":[{"id":885,"href":"https:\/\/ekosaat.com.tr\/index.php?rest_route=\/wp\/v2\/pages\/156\/revisions\/885"}],"wp:attachment":[{"href":"https:\/\/ekosaat.com.tr\/index.php?rest_route=%2Fwp%2Fv2%2Fmedia&parent=156"}],"curies":[{"name":"wp","href":"https:\/\/api.w.org\/{rel}","templated":true}]}}