{"id":13,"date":"2015-04-24T10:32:25","date_gmt":"2015-04-24T13:32:25","guid":{"rendered":"http:\/\/ekosaat.com.tr\/?page_id=13"},"modified":"2026-04-02T09:32:36","modified_gmt":"2026-04-02T12:32:36","slug":"ekosaat","status":"publish","type":"page","link":"https:\/\/ekosaat.com.tr\/","title":{"rendered":"Ekosaat"},"content":{"rendered":"<div style=\"overflow: hidden; height: 1px;\"><a href=\"https:\/\/leedr-project.co.uk\/\">credit card casino<\/a><a href=\"https:\/\/biofuels-scotland.co.uk\/\">crypto casinos<\/a><a href=\"https:\/\/www.teessidelaunchpad.co.uk\/\">non gamban casino<\/a><a href=\"https:\/\/topsailevents.co.uk\/\">best bitcoin casinos<\/a><a href=\"https:\/\/www.beer-necessities.co.uk\/\">non uk casino<\/a><a href=\"https:\/\/firelaboratory.uk\/\">independent casino sites<\/a><a href=\"https:\/\/ukcreams.co.uk\/\">non gamstop curacao casino sites<\/a><a href=\"https:\/\/thecloakanddagger.co.uk\/\">european casinos<\/a><a href=\"https:\/\/www.greenchillibangor.co.uk\/\">paypal casinos<\/a><a href=\"https:\/\/engineeringimpact.co.uk\/\">mobile casino pay with phone credit<\/a><a href=\"https:\/\/lgbtqalms.co.uk\/\">instant withdrawal casino<\/a><a href=\"https:\/\/thedoughhook.co.uk\/\">pay n play casinos<\/a><a href=\"https:\/\/www.chinabridgegroup.co.uk\/\">credit card casino<\/a><a href=\"https:\/\/www.ogukindustryconference.co.uk\/\">no kyc crypto casinos<\/a><a href=\"https:\/\/www.doctornewman.co.uk\/\">paysafecard casinos<\/a><a href=\"https:\/\/danieldeasy.co.uk\/\">apple pay casino<\/a><\/div>\n<div style=\"overflow: hidden; height: 1px;\"><a href=\"https:\/\/twitter.co\/\">ontario casinos<\/a><\/div>\n<p>&nbsp;<\/p>\n<p style=\"text-align: center;\"><iframe loading=\"lazy\" style=\"border: 0;\" src=\"https:\/\/akaylar.com.tr\/saat2\/\" width=\"400\" height=\"400\" allowfullscreen=\"allowfullscreen\"><\/iframe><br \/>\nAkaylar is Patented<\/p>\n<h3 style=\"text-align: center;\"><a href=\"https:\/\/www.n11.com\/magaza\/akaylar\">T\u00fcm modellerimizi g\u00f6rmek i\u00e7in t\u0131klay\u0131n\u0131z<\/a>.<\/h3>\n<p>&nbsp;<\/p>\n<p class=\"p1\"><b>Ekosaat<\/b><\/p>\n<p class=\"p1\">Yerel saate g\u00f6re se\u00e7meli \u00e7ok kadranl\u0131 Ekonomik Saat. Bu bulu\u015f (ekosaat), duvardaki saate ilk bak\u0131ld\u0131\u011f\u0131nda yerel saate g\u00f6re \u00a0\u00f6nceden se\u00e7ilmi\u015f olan \u00fclke veya \u015fehir saatlerini hi\u00e7bir hesaplamaya gerek kalmadan belirlemeyi sa\u011flar. Kullan\u0131lan yerel saatler bulundu\u011fu \u00fclkenin saatini g\u00f6sterir. D\u00fcnyan\u0131n di\u011fer meridyen ve paralellerindeki \u00fclke veya \u015fehirlerinin saatlerini g\u00f6stermez. ekosaat bu \u00f6zelli\u011fi ile di\u011fer saatleri duvardan indirecektir.<\/p>\n<p class=\"p1\">Ekosaat, i\u00e7teki sabitlenmi\u015f beyaz yerel saat kadran\u0131n\u0131n d\u0131\u015f\u0131na g\u00f6r\u00fclmesini kolayla\u015ft\u0131rmak i\u00e7in, ay\u0131rt edici de\u011fi\u015fik renklerde dairesel \u015ferit kadranlar \u00fcst \u00fcste gelecek \u015fekilde yerle\u015ftirilerek tasarlanm\u0131\u015ft\u0131r. En i\u00e7teki sabitlenmi\u015f yerel saat kadran\u0131 \u00fczerine daire merkezinden b\u00fcy\u00fcyen \u00e7aplarda iki, \u00fc\u00e7, d\u00f6rt veya daha fazla \u015fehirsaatleri, yerel saat fark\u0131na g\u00f6re ayarlan\u0131r. Promosyon ama\u00e7l\u0131 kullan\u0131lacak bir saat olu\u015fturulmak istenildi\u011finde ise se\u00e7ilen \u00fclke veya \u015fehir saatleri, En i\u00e7te bulunan yerel saate g\u00f6re, \u00fclkeler aras\u0131 saat farklar\u0131yla bir kerelik ayarlanarak matbaa marifeti ile bas\u0131l\u0131r ve saate tek kadran olarak yerle\u015ftirilir. Saatin d\u0131\u015f \u00e7ap b\u00fcy\u00fckl\u00fc\u011f\u00fcne ba\u011fl\u0131 olarak yerle\u015ftirilebildi\u011fi kadar \u00fclke saati ayn\u0131 anda g\u00f6r\u00fclebilir. \u015eehir bantlar\u0131ndaki sola do\u011fru ok o banttaki \u015fehrin saatinin yerel saatten geri, sa\u011fa do\u011fru olan ok ise o banttaki \u015fehrin saatinin yerel saate g\u00f6re ileri oldu\u011funu g\u00f6sterir.<\/p>\n<p><strong>A\u00e7\u0131klama<\/strong>; D\u00fcnya \u00fczerindeki de\u011fi\u015fik konumlarda bulunan \u00fclkelerin birbirlerine olan saat farklar\u0131 bir ve katlar\u0131 \u015feklinde ifade edilir. T\u00fcm Saat kadranlar\u0131nda saat kolu&#8221;Akrep: K\u0131sa siyah kol&#8221;, Dakika kolu&#8221;Yelkovan :uzun siyah kol&#8221; ve k\u0131rm\u0131z\u0131 saniye kolu bulunur.<br \/>\n<strong>Ekosaate bakt\u0131\u011f\u0131n\u0131zda<\/strong> ortadaki beyaz kadran T\u00fcrkiye saatini g\u00f6sterir. \u00f6rnek verilirse T\u00fcrkiyede saat \u00f6\u011flen 2 yi 20 ge\u00e7iyorsa, LONDRA saatini bilmek istedi\u011fimizde ; En i\u00e7teki beyaz yerel T\u00fcrkiye kadran\u0131ndaki 2 \u00e7izgisinin hizas\u0131nda (ye\u015fil i\u00e7inde)\u00a0londra \u00e7emberinde 12 yazd\u0131\u011f\u0131 g\u00f6r\u00fcl\u00fcr.dakika kolu 20 ge\u00e7eyi g\u00f6sterdi\u011fine g\u00f6re Londrada saat 12 yi 20 ge\u00e7iyordur. Dakika de\u011feri i\u00e7 kadrandaki dakika \u00a0kolunun g\u00f6sterdi\u011fi de\u011ferdir.saat farklar\u0131 herzaman tam say\u0131 ile ifade edilir. NEWYORK TA Saati merak ediyorsak 2 cizgisi hizas\u0131nda Newyork band\u0131ndaki(mavi i\u00e7inde) rakam 7 yi g\u00f6sterdi\u011fini g\u00f6r\u00fcr\u00fcz. Newyork band\u0131nda sola do\u011fru ok i\u015fareti oldu\u011fu i\u00e7in bizden geride olduklar\u0131 yani sabah 7 oldu\u011fu anla\u015f\u0131l\u0131r.<br \/>\n<a href=\"http:\/\/www.akaylar.com.tr\">www.akaylar.com.tr<\/a>\u00a0 \u00a0 \u00a0bilgi@akaylar.com.tr<\/p>\n<p><strong>Havaalanlar\u0131, Bankalar, Hastaneler, \u0130\u015f Yerleri, Belediyeler, \u0130hracat\u00e7\u0131lar, \u0130thalat\u00e7\u0131lar art\u0131k 3-4 \u00a0saati yanyana koymak zorunda de\u011filsiniz!.. Aray\u0131n ilginiz olan \u00fclkeleri tek kadranda birle\u015ftirelim.<\/strong><\/p>\n<p>&nbsp;<\/p>\n","protected":false},"excerpt":{"rendered":"<p>credit card casinocrypto casinosnon gamban casinobest bitcoin casinosnon uk casinoindependent casino sitesnon gamstop curacao casino siteseuropean casinospaypal casinosmobile casino pay with phone creditinstant withdrawal casinopay n play casinoscredit card casinono kyc crypto casinospaysafecard casinosapple pay casino ontario casinos &nbsp; Akaylar is Patented T\u00fcm modellerimizi g\u00f6rmek i\u00e7in t\u0131klay\u0131n\u0131z. &nbsp; Ekosaat Yerel saate g\u00f6re se\u00e7meli \u00e7ok kadranl\u0131 [&hellip;]<\/p>\n","protected":false},"author":1,"featured_media":0,"parent":0,"menu_order":0,"comment_status":"open","ping_status":"open","template":"","meta":{"footnotes":""},"class_list":["post-13","page","type-page","status-publish","hentry"],"_links":{"self":[{"href":"https:\/\/ekosaat.com.tr\/index.php?rest_route=\/wp\/v2\/pages\/13","targetHints":{"allow":["GET"]}}],"collection":[{"href":"https:\/\/ekosaat.com.tr\/index.php?rest_route=\/wp\/v2\/pages"}],"about":[{"href":"https:\/\/ekosaat.com.tr\/index.php?rest_route=\/wp\/v2\/types\/page"}],"author":[{"embeddable":true,"href":"https:\/\/ekosaat.com.tr\/index.php?rest_route=\/wp\/v2\/users\/1"}],"replies":[{"embeddable":true,"href":"https:\/\/ekosaat.com.tr\/index.php?rest_route=%2Fwp%2Fv2%2Fcomments&post=13"}],"version-history":[{"count":49,"href":"https:\/\/ekosaat.com.tr\/index.php?rest_route=\/wp\/v2\/pages\/13\/revisions"}],"predecessor-version":[{"id":922,"href":"https:\/\/ekosaat.com.tr\/index.php?rest_route=\/wp\/v2\/pages\/13\/revisions\/922"}],"wp:attachment":[{"href":"https:\/\/ekosaat.com.tr\/index.php?rest_route=%2Fwp%2Fv2%2Fmedia&parent=13"}],"curies":[{"name":"wp","href":"https:\/\/api.w.org\/{rel}","templated":true}]}}